{"id":598,"date":"2021-02-16T12:50:36","date_gmt":"2021-02-16T12:50:36","guid":{"rendered":"http:\/\/ddf.misterblue.es\/?page_id=598\/"},"modified":"2026-03-26T15:49:42","modified_gmt":"2026-03-26T15:49:42","slug":"responsabilidad-social-corporativa","status":"publish","type":"page","link":"https:\/\/www.ddfluor.com\/es\/responsabilidad-social-corporativa\/","title":{"rendered":"Responsabilidad Social Corporativa"},"content":{"rendered":"<div class=\"wpb-content-wrapper\"><p>[vc_row full_width=\u00bbstretch_row\u00bb css=\u00bb.vc_custom_1613735629899{padding-top: 100px !important;padding-bottom: 100px !important;background-image: url(https:\/\/www.ddfluor.com\/wp-content\/uploads\/2021\/02\/cabecera_csr_1.jpg?id=714) !important;background-position: center !important;background-repeat: no-repeat !important;background-size: cover !important;}\u00bb el_class=\u00bbtitular\u00bb][vc_column][vc_column_text css=\u00bb.vc_custom_1621871705359{margin-bottom: 0px !important;padding-bottom: 20px !important;}\u00bb]RSC[\/vc_column_text][vc_column_text el_class=\u00bbbreadcrumb\u00bb]<span><span><a href=\"https:\/\/www.ddfluor.com\/es\/\">Home<\/a><\/span><\/span>[\/vc_column_text][\/vc_column][\/vc_row][vc_row gap=\u00bb35&#8243; equal_height=\u00bbyes\u00bb css=\u00bb.vc_custom_1603708236568{padding-top: 20px !important;}\u00bb el_class=\u00bbaboutus_contenido\u00bb][vc_column][vc_column_text css=\u00bb\u00bb]<\/p>\n<h2 style=\"text-align: center;\">NUESTROS VALORES<\/h2>\n<p style=\"text-align: center;\">DERIVADOS DEL FLUOR est\u00e1 comprometida con una gesti\u00f3n \u00e9tica, social y ambientalmente responsable en todas sus operaciones y a lo largo de toda su cadena de suministro.\u00a0 Apoyamos el desarrollo sostenible y los principios del Pacto Mundial de las Naciones Unidas.<\/p>\n<p>[\/vc_column_text][\/vc_column][\/vc_row][vc_row full_width=\u00bbstretch_row\u00bb el_class=\u00bbcontenedor_rebasado\u00bb][vc_column width=\u00bb1\/2&#8243; el_class=\u00bbparrafada\u00bb][vc_column_text css=\u00bb.vc_custom_1774537582463{padding-right: 80px !important;}\u00bb]Estos compromisos est\u00e1n integrados en nuestro modelo de gobernanza y en nuestro marco operativo.<\/p>\n<p>DDF opera con sistemas de gesti\u00f3n que abarcan <a href=\"https:\/\/www.ddfluor.com\/wp-content\/uploads\/2025\/06\/Politica_Seguridad_Salud_MA_Energia_Calidad_Ed8_Junio2025.pdf\"><strong>Calidad<\/strong>, <strong>Medio Ambiente<\/strong>, <strong>Seguridad y Salud en el Trabajo<\/strong> y <strong>Gesti\u00f3n de la Energ\u00eda<\/strong><\/a>, garantizando una implantaci\u00f3n coherente en toda la organizaci\u00f3n.<\/p>\n<p>Nuestros sistemas se basan en el cumplimiento normativo, la evaluaci\u00f3n de riesgos y el seguimiento del desempe\u00f1o, con indicadores definidos y revisados peri\u00f3dicamente para asegurar un progreso medible. La transparencia sobre nuestros objetivos de sostenibilidad, acciones e indicadores clave de rendimiento se refleja en nuestro <strong>Informe SSMA<\/strong> (<a href=\"https:\/\/www.ddfluor.com\/wp-content\/uploads\/2025\/07\/DDF_INFORME-HSSE-DDF-2023-2024.pdf\">disponible para descarga<\/a>), que muestra nuestro enfoque integrado en materia de medio ambiente, seguridad y gobernanza.<\/p>\n<p>Como parte del <strong>Grupo MINERSA<\/strong>, DDF se adhiere a <a href=\"https:\/\/www.minersa.com\/eng\/corporate_social_responsibility.html\">principios consolidados de \u00e9tica y gobierno corporativo<\/a>, promoviendo la integridad, la responsabilidad y una conducta empresarial responsable.[\/vc_column_text][vc_column_text css=\u00bb.vc_custom_1615367353947{margin-top: 60px !important;}\u00bb el_class=\u00bbboton_pagina\u00bb]<a href=\"https:\/\/www.ddfluor.com\/es\/contacto\/\">contacto<\/a>[\/vc_column_text][\/vc_column][vc_column width=\u00bb1\/2&#8243; el_class=\u00bbimagen_rebasa_derecha imagen_rebasa_derecha_aboutus\u00bb][vc_single_image image=\u00bb195&#8243; img_size=\u00bblarge\u00bb][\/vc_column][\/vc_row][vc_row el_class=\u00bblogos_csr\u00bb][vc_column][vc_column_text css=\u00bb\u00bb]<img loading=\"lazy\" decoding=\"async\" class=\"alignnone size-medium wp-image-205 aligncenter\" src=\"https:\/\/www.ddfluor.com\/wp-content\/uploads\/2020\/10\/sello1-1-300x99.png\" alt=\"\" width=\"300\" height=\"99\" srcset=\"https:\/\/www.ddfluor.com\/wp-content\/uploads\/2020\/10\/sello1-1-300x99.png 300w, https:\/\/www.ddfluor.com\/wp-content\/uploads\/2020\/10\/sello1-1.png 348w\" sizes=\"auto, (max-width: 300px) 100vw, 300px\" \/><img loading=\"lazy\" decoding=\"async\" class=\"alignnone wp-image-1573 size-full\" src=\"https:\/\/www.ddfluor.com\/wp-content\/uploads\/2025\/08\/Ecovadis-Silver-August-2025.png\" alt=\"\" width=\"242\" height=\"236\" \/>[\/vc_column_text][\/vc_column][\/vc_row][vc_row full_width=\u00bbstretch_row\u00bb el_class=\u00bba_full\u00bb css=\u00bb.vc_custom_1603711079713{background-image: url(https:\/\/www.ddfluor.com\/wp-content\/uploads\/2020\/10\/fondo_csr_1.jpg?id=212) !important;background-position: center !important;background-repeat: no-repeat !important;background-size: cover !important;}\u00bb][vc_column width=\u00bb1\/4&#8243;][\/vc_column][vc_column width=\u00bb1\/2&#8243;][vc_column_text css=\u00bb\u00bb]<\/p>\n<h3 style=\"text-align: center;\">Medio ambiente<\/h3>\n<p>El <strong>Sistema de Gesti\u00f3n Ambiental<\/strong> de DDF est\u00e1 certificado conforme a la norma <strong>ISO 14001:2015<\/strong> (<a href=\"https:\/\/www.ddfluor.com\/wp-content\/uploads\/2023\/07\/CertificadoGA-2000-0088_ES_2023-07-12.pdf\">certificado disponible para descarga<\/a>), garantizando un enfoque estructurado para la protecci\u00f3n ambiental, la prevenci\u00f3n de la contaminaci\u00f3n y el cumplimiento normativo.<\/p>\n<p>Los aspectos e impactos ambientales se eval\u00faan dentro de un enfoque basado en riesgos. Se definen y revisan peri\u00f3dicamente objetivos e indicadores clave de desempe\u00f1o para mejorar el control de emisiones, la eficiencia en el uso de los recursos y la gesti\u00f3n de residuos.<\/p>\n<p>DDF cumple con la legislaci\u00f3n europea <strong>REACH<\/strong> y participa en el <strong>Comit\u00e9 Technique Europ\u00e9en du Fluor (CTEF)<\/strong>, contribuyendo a unas pr\u00e1cticas industriales responsables a escala europea.[\/vc_column_text][\/vc_column][vc_column width=\u00bb1\/4&#8243;][\/vc_column][\/vc_row][vc_row full_width=\u00bbstretch_row\u00bb el_class=\u00bba_full\u00bb css=\u00bb.vc_custom_1603711500319{margin-top: 10px !important;background-image: url(https:\/\/www.ddfluor.com\/wp-content\/uploads\/2020\/10\/fondo_csr_2.jpg?id=213) !important;background-position: center !important;background-repeat: no-repeat !important;background-size: cover !important;}\u00bb][vc_column width=\u00bb1\/4&#8243;][\/vc_column][vc_column width=\u00bb1\/2&#8243;][vc_column_text css=\u00bb\u00bb]<\/p>\n<h3 style=\"text-align: center;\">Seguridad<\/h3>\n<p>La salud y la seguridad de nuestros empleados y socios comerciales constituyen una prioridad estrat\u00e9gica. Nuestro <strong>Sistema de Gesti\u00f3n de Seguridad y Salud en el Trabajo<\/strong> est\u00e1 certificado conforme a la norma <strong>ISO 45001<\/strong> (<a href=\"https:\/\/www.ddfluor.com\/wp-content\/uploads\/2023\/07\/Certificado_ISO45001_jul2023_SPA.pdf\">certificado disponible para descarga<\/a>), garantizando la identificaci\u00f3n sistem\u00e1tica de riesgos y su prevenci\u00f3n.<\/p>\n<p>Como instalaci\u00f3n sujeta a la normativa <strong>Seveso<\/strong>, DDF es auditada en cumplimiento de la <strong>Directiva 2012\/18\/UE<\/strong>. Nuestro enfoque de <strong>product stewardship<\/strong> se extiende a toda la cadena de suministro, incluyendo la supervisi\u00f3n de los socios log\u00edsticos y la preparaci\u00f3n ante emergencias.[\/vc_column_text][\/vc_column][vc_column width=\u00bb1\/4&#8243;][\/vc_column][\/vc_row][vc_row full_width=\u00bbstretch_row\u00bb el_class=\u00bba_full\u00bb css=\u00bb.vc_custom_1748254211986{margin-top: 10px !important;background-image: url(https:\/\/www.ddfluor.com\/wp-content\/uploads\/2025\/05\/energy_rotor_2.jpg?id=1547) !important;background-position: center !important;background-repeat: no-repeat !important;background-size: cover !important;}\u00bb][vc_column width=\u00bb1\/4&#8243;][\/vc_column][vc_column width=\u00bb1\/2&#8243;][vc_column_text css=\u00bb\u00bb]<\/p>\n<h3 style=\"text-align: center;\">Energ\u00eda y Clima<\/h3>\n<p>La eficiencia energ\u00e9tica y la acci\u00f3n clim\u00e1tica son pilares esenciales de la estrategia de sostenibilidad de DDF.<\/p>\n<p>Nuestro <strong>Sistema de Gesti\u00f3n de la Energ\u00eda<\/strong> est\u00e1 certificado conforme a la norma <strong>ISO 50001:2018<\/strong> (<a href=\"https:\/\/www.ddfluor.com\/wp-content\/uploads\/2025\/05\/CertificadoGE-2025-0040_ES_2025-05-19.pdf\">certificado disponible para descarga<\/a>), garantizando un seguimiento estructurado y la optimizaci\u00f3n continua del uso de la energ\u00eda.<\/p>\n<p>En l\u00ednea con la hoja de ruta de descarbonizaci\u00f3n del <strong>Grupo Minersa<\/strong>, DDF est\u00e1 comprometida con:<\/p>\n<p>&#8211; Reducir en un <strong>50 %<\/strong> las emisiones de gases de efecto invernadero de <strong>Alcance 1 y Alcance 2<\/strong> para <strong>2030<\/strong> (a\u00f1o base: <strong>2019<\/strong>).<br \/>\n&#8211; Alcanzar la <strong>neutralidad clim\u00e1tica en 2050<\/strong>.[\/vc_column_text][\/vc_column][vc_column width=\u00bb1\/4&#8243;][\/vc_column][\/vc_row]<\/p>\n<\/div>","protected":false},"excerpt":{"rendered":"<p>[vc_row full_width=\u00bbstretch_row\u00bb css=\u00bb.vc_custom_1613735629899{padding-top: 100px !important;padding-bottom: 100px !important;background-image: url(https:\/\/www.ddfluor.com\/wp-content\/uploads\/2021\/02\/cabecera_csr_1.jpg?id=714) !important;background-position: center !important;background-repeat: no-repeat !important;background-size: cover !important;}\u00bb el_class=\u00bbtitular\u00bb][vc_column][vc_column_text css=\u00bb.vc_custom_1621871705359{margin-bottom: 0px !important;padding-bottom: 20px !important;}\u00bb]RSC[\/vc_column_text][vc_column_text el_class=\u00bbbreadcrumb\u00bb][\/vc_column_text][\/vc_column][\/vc_row][vc_row gap=\u00bb35&#8243; equal_height=\u00bbyes\u00bb css=\u00bb.vc_custom_1603708236568{padding-top: 20px !important;}\u00bb el_class=\u00bbaboutus_contenido\u00bb][vc_column][vc_column_text css=\u00bb\u00bb] NUESTROS VALORES DERIVADOS DEL FLUOR est\u00e1 comprometida con una gesti\u00f3n \u00e9tica, social y ambientalmente responsable en todas sus operaciones y a lo largo de toda su [&hellip;]<\/p>\n","protected":false},"author":1,"featured_media":0,"parent":0,"menu_order":0,"comment_status":"closed","ping_status":"closed","template":"","meta":{"_acf_changed":false,"footnotes":""},"class_list":["post-598","page","type-page","status-publish","hentry"],"acf":[],"yoast_head":"<!-- This site is optimized with the Yoast SEO plugin v25.4 - https:\/\/yoast.com\/wordpress\/plugins\/seo\/ -->\n<title>Responsabilidad Social Corporativa - DDF<\/title>\n<meta name=\"robots\" content=\"index, follow, max-snippet:-1, max-image-preview:large, max-video-preview:-1\" \/>\n<link rel=\"canonical\" href=\"https:\/\/www.ddfluor.com\/es\/responsabilidad-social-corporativa\/\" \/>\n<meta property=\"og:locale\" content=\"es_ES\" \/>\n<meta property=\"og:type\" content=\"article\" \/>\n<meta property=\"og:title\" content=\"Responsabilidad Social Corporativa - DDF\" \/>\n<meta property=\"og:description\" content=\"[vc_row full_width=\u00bbstretch_row\u00bb css=\u00bb.vc_custom_1613735629899{padding-top: 100px !important;padding-bottom: 100px !important;background-image: url(https:\/\/www.ddfluor.com\/wp-content\/uploads\/2021\/02\/cabecera_csr_1.jpg?id=714) !important;background-position: center !important;background-repeat: no-repeat !important;background-size: cover !important;}\u00bb el_class=\u00bbtitular\u00bb][vc_column][vc_column_text css=\u00bb.vc_custom_1621871705359{margin-bottom: 0px !important;padding-bottom: 20px !important;}\u00bb]RSC[\/vc_column_text][vc_column_text el_class=\u00bbbreadcrumb\u00bb][\/vc_column_text][\/vc_column][\/vc_row][vc_row gap=\u00bb35&#8243; equal_height=\u00bbyes\u00bb css=\u00bb.vc_custom_1603708236568{padding-top: 20px !important;}\u00bb el_class=\u00bbaboutus_contenido\u00bb][vc_column][vc_column_text css=\u00bb\u00bb] NUESTROS VALORES DERIVADOS DEL FLUOR est\u00e1 comprometida con una gesti\u00f3n \u00e9tica, social y ambientalmente responsable en todas sus operaciones y a lo largo de toda su [&hellip;]\" \/>\n<meta property=\"og:url\" content=\"https:\/\/www.ddfluor.com\/es\/responsabilidad-social-corporativa\/\" \/>\n<meta property=\"og:site_name\" content=\"DDF\" \/>\n<meta property=\"article:modified_time\" content=\"2026-03-26T15:49:42+00:00\" \/>\n<meta property=\"og:image\" content=\"https:\/\/www.ddfluor.com\/wp-content\/uploads\/2020\/10\/sello1-1-300x99.png\" \/>\n<meta name=\"twitter:card\" content=\"summary_large_image\" \/>\n<meta name=\"twitter:label1\" content=\"Tiempo de lectura\" \/>\n\t<meta name=\"twitter:data1\" content=\"4 minutos\" \/>\n<script type=\"application\/ld+json\" class=\"yoast-schema-graph\">{\"@context\":\"https:\/\/schema.org\",\"@graph\":[{\"@type\":\"WebPage\",\"@id\":\"https:\/\/www.ddfluor.com\/es\/responsabilidad-social-corporativa\/\",\"url\":\"https:\/\/www.ddfluor.com\/es\/responsabilidad-social-corporativa\/\",\"name\":\"Responsabilidad Social Corporativa - DDF\",\"isPartOf\":{\"@id\":\"https:\/\/www.ddfluor.com\/es\/#website\"},\"primaryImageOfPage\":{\"@id\":\"https:\/\/www.ddfluor.com\/es\/responsabilidad-social-corporativa\/#primaryimage\"},\"image\":{\"@id\":\"https:\/\/www.ddfluor.com\/es\/responsabilidad-social-corporativa\/#primaryimage\"},\"thumbnailUrl\":\"https:\/\/www.ddfluor.com\/wp-content\/uploads\/2020\/10\/sello1-1-300x99.png\",\"datePublished\":\"2021-02-16T12:50:36+00:00\",\"dateModified\":\"2026-03-26T15:49:42+00:00\",\"breadcrumb\":{\"@id\":\"https:\/\/www.ddfluor.com\/es\/responsabilidad-social-corporativa\/#breadcrumb\"},\"inLanguage\":\"es\",\"potentialAction\":[{\"@type\":\"ReadAction\",\"target\":[\"https:\/\/www.ddfluor.com\/es\/responsabilidad-social-corporativa\/\"]}]},{\"@type\":\"ImageObject\",\"inLanguage\":\"es\",\"@id\":\"https:\/\/www.ddfluor.com\/es\/responsabilidad-social-corporativa\/#primaryimage\",\"url\":\"https:\/\/www.ddfluor.com\/wp-content\/uploads\/2020\/10\/sello1-1-300x99.png\",\"contentUrl\":\"https:\/\/www.ddfluor.com\/wp-content\/uploads\/2020\/10\/sello1-1-300x99.png\"},{\"@type\":\"BreadcrumbList\",\"@id\":\"https:\/\/www.ddfluor.com\/es\/responsabilidad-social-corporativa\/#breadcrumb\",\"itemListElement\":[{\"@type\":\"ListItem\",\"position\":1,\"name\":\"Home\",\"item\":\"https:\/\/www.ddfluor.com\/es\/\"},{\"@type\":\"ListItem\",\"position\":2,\"name\":\"Responsabilidad Social Corporativa\"}]},{\"@type\":\"WebSite\",\"@id\":\"https:\/\/www.ddfluor.com\/es\/#website\",\"url\":\"https:\/\/www.ddfluor.com\/es\/\",\"name\":\"DDF\",\"description\":\"Otro sitio realizado con WordPress\",\"potentialAction\":[{\"@type\":\"SearchAction\",\"target\":{\"@type\":\"EntryPoint\",\"urlTemplate\":\"https:\/\/www.ddfluor.com\/es\/?s={search_term_string}\"},\"query-input\":{\"@type\":\"PropertyValueSpecification\",\"valueRequired\":true,\"valueName\":\"search_term_string\"}}],\"inLanguage\":\"es\"}]}<\/script>\n<!-- \/ Yoast SEO plugin. -->","yoast_head_json":{"title":"Responsabilidad Social Corporativa - DDF","robots":{"index":"index","follow":"follow","max-snippet":"max-snippet:-1","max-image-preview":"max-image-preview:large","max-video-preview":"max-video-preview:-1"},"canonical":"https:\/\/www.ddfluor.com\/es\/responsabilidad-social-corporativa\/","og_locale":"es_ES","og_type":"article","og_title":"Responsabilidad Social Corporativa - DDF","og_description":"[vc_row full_width=\u00bbstretch_row\u00bb css=\u00bb.vc_custom_1613735629899{padding-top: 100px !important;padding-bottom: 100px !important;background-image: url(https:\/\/www.ddfluor.com\/wp-content\/uploads\/2021\/02\/cabecera_csr_1.jpg?id=714) !important;background-position: center !important;background-repeat: no-repeat !important;background-size: cover !important;}\u00bb el_class=\u00bbtitular\u00bb][vc_column][vc_column_text css=\u00bb.vc_custom_1621871705359{margin-bottom: 0px !important;padding-bottom: 20px !important;}\u00bb]RSC[\/vc_column_text][vc_column_text el_class=\u00bbbreadcrumb\u00bb][\/vc_column_text][\/vc_column][\/vc_row][vc_row gap=\u00bb35&#8243; equal_height=\u00bbyes\u00bb css=\u00bb.vc_custom_1603708236568{padding-top: 20px !important;}\u00bb el_class=\u00bbaboutus_contenido\u00bb][vc_column][vc_column_text css=\u00bb\u00bb] NUESTROS VALORES DERIVADOS DEL FLUOR est\u00e1 comprometida con una gesti\u00f3n \u00e9tica, social y ambientalmente responsable en todas sus operaciones y a lo largo de toda su [&hellip;]","og_url":"https:\/\/www.ddfluor.com\/es\/responsabilidad-social-corporativa\/","og_site_name":"DDF","article_modified_time":"2026-03-26T15:49:42+00:00","og_image":[{"url":"https:\/\/www.ddfluor.com\/wp-content\/uploads\/2020\/10\/sello1-1-300x99.png","type":"","width":"","height":""}],"twitter_card":"summary_large_image","twitter_misc":{"Tiempo de lectura":"4 minutos"},"schema":{"@context":"https:\/\/schema.org","@graph":[{"@type":"WebPage","@id":"https:\/\/www.ddfluor.com\/es\/responsabilidad-social-corporativa\/","url":"https:\/\/www.ddfluor.com\/es\/responsabilidad-social-corporativa\/","name":"Responsabilidad Social Corporativa - DDF","isPartOf":{"@id":"https:\/\/www.ddfluor.com\/es\/#website"},"primaryImageOfPage":{"@id":"https:\/\/www.ddfluor.com\/es\/responsabilidad-social-corporativa\/#primaryimage"},"image":{"@id":"https:\/\/www.ddfluor.com\/es\/responsabilidad-social-corporativa\/#primaryimage"},"thumbnailUrl":"https:\/\/www.ddfluor.com\/wp-content\/uploads\/2020\/10\/sello1-1-300x99.png","datePublished":"2021-02-16T12:50:36+00:00","dateModified":"2026-03-26T15:49:42+00:00","breadcrumb":{"@id":"https:\/\/www.ddfluor.com\/es\/responsabilidad-social-corporativa\/#breadcrumb"},"inLanguage":"es","potentialAction":[{"@type":"ReadAction","target":["https:\/\/www.ddfluor.com\/es\/responsabilidad-social-corporativa\/"]}]},{"@type":"ImageObject","inLanguage":"es","@id":"https:\/\/www.ddfluor.com\/es\/responsabilidad-social-corporativa\/#primaryimage","url":"https:\/\/www.ddfluor.com\/wp-content\/uploads\/2020\/10\/sello1-1-300x99.png","contentUrl":"https:\/\/www.ddfluor.com\/wp-content\/uploads\/2020\/10\/sello1-1-300x99.png"},{"@type":"BreadcrumbList","@id":"https:\/\/www.ddfluor.com\/es\/responsabilidad-social-corporativa\/#breadcrumb","itemListElement":[{"@type":"ListItem","position":1,"name":"Home","item":"https:\/\/www.ddfluor.com\/es\/"},{"@type":"ListItem","position":2,"name":"Responsabilidad Social Corporativa"}]},{"@type":"WebSite","@id":"https:\/\/www.ddfluor.com\/es\/#website","url":"https:\/\/www.ddfluor.com\/es\/","name":"DDF","description":"Otro sitio realizado con WordPress","potentialAction":[{"@type":"SearchAction","target":{"@type":"EntryPoint","urlTemplate":"https:\/\/www.ddfluor.com\/es\/?s={search_term_string}"},"query-input":{"@type":"PropertyValueSpecification","valueRequired":true,"valueName":"search_term_string"}}],"inLanguage":"es"}]}},"_links":{"self":[{"href":"https:\/\/www.ddfluor.com\/es\/wp-json\/wp\/v2\/pages\/598","targetHints":{"allow":["GET"]}}],"collection":[{"href":"https:\/\/www.ddfluor.com\/es\/wp-json\/wp\/v2\/pages"}],"about":[{"href":"https:\/\/www.ddfluor.com\/es\/wp-json\/wp\/v2\/types\/page"}],"author":[{"embeddable":true,"href":"https:\/\/www.ddfluor.com\/es\/wp-json\/wp\/v2\/users\/1"}],"replies":[{"embeddable":true,"href":"https:\/\/www.ddfluor.com\/es\/wp-json\/wp\/v2\/comments?post=598"}],"version-history":[{"count":54,"href":"https:\/\/www.ddfluor.com\/es\/wp-json\/wp\/v2\/pages\/598\/revisions"}],"predecessor-version":[{"id":1635,"href":"https:\/\/www.ddfluor.com\/es\/wp-json\/wp\/v2\/pages\/598\/revisions\/1635"}],"wp:attachment":[{"href":"https:\/\/www.ddfluor.com\/es\/wp-json\/wp\/v2\/media?parent=598"}],"curies":[{"name":"wp","href":"https:\/\/api.w.org\/{rel}","templated":true}]}}