{"id":610,"date":"2021-02-16T13:01:49","date_gmt":"2021-02-16T13:01:49","guid":{"rendered":"http:\/\/ddf.misterblue.es\/?page_id=610\/"},"modified":"2025-04-14T18:12:55","modified_gmt":"2025-04-14T18:12:55","slug":"contacto","status":"publish","type":"page","link":"https:\/\/www.ddfluor.com\/es\/contacto\/","title":{"rendered":"Contacto"},"content":{"rendered":"<div class=\"wpb-content-wrapper\"><p>[vc_row full_width=\u00bbstretch_row\u00bb css=\u00bb.vc_custom_1613737397109{background-image: url(https:\/\/www.ddfluor.com\/wp-content\/uploads\/2021\/02\/cabecera_contacto.jpg?id=712) !important;background-position: center !important;background-repeat: no-repeat !important;background-size: cover !important;}\u00bb el_class=\u00bbtitular\u00bb][vc_column][vc_column_text css=\u00bb.vc_custom_1621871795609{margin-bottom: 0px !important;padding-bottom: 20px !important;}\u00bb]Contacto[\/vc_column_text][vc_column_text el_class=\u00bbbreadcrumb\u00bb]<span><span><a href=\"https:\/\/www.ddfluor.com\/es\/\">Home<\/a><\/span><\/span>[\/vc_column_text][\/vc_column][\/vc_row][vc_row el_class=\u00bbformulario_en_contacto\u00bb][vc_column][vc_column_text]<\/p>\n<h2>Estamos a su disposici\u00f3n para atenderle<\/h2>\n<p>Seleccione por favor su preferencia de idioma y rellene el formulario. Nos pondremos en contacto con Vd. lo antes posible:[\/vc_column_text][vc_column_text]\n<div class=\"wpcf7 no-js\" id=\"wpcf7-f657-o1\" lang=\"es-ES\" dir=\"ltr\" data-wpcf7-id=\"657\">\n<div class=\"screen-reader-response\"><p role=\"status\" aria-live=\"polite\" aria-atomic=\"true\"><\/p> <ul><\/ul><\/div>\n<form action=\"\/es\/wp-json\/wp\/v2\/pages\/610#wpcf7-f657-o1\" method=\"post\" class=\"wpcf7-form init\" aria-label=\"Formulario de contacto\" novalidate=\"novalidate\" data-status=\"init\">\n<fieldset class=\"hidden-fields-container\"><input type=\"hidden\" name=\"_wpcf7\" value=\"657\" \/><input type=\"hidden\" name=\"_wpcf7_version\" value=\"6.1\" \/><input type=\"hidden\" name=\"_wpcf7_locale\" value=\"es_ES\" \/><input type=\"hidden\" name=\"_wpcf7_unit_tag\" value=\"wpcf7-f657-o1\" \/><input type=\"hidden\" name=\"_wpcf7_container_post\" value=\"0\" \/><input type=\"hidden\" name=\"_wpcf7_posted_data_hash\" value=\"\" \/><input type=\"hidden\" name=\"_wpcf7cf_hidden_group_fields\" value=\"[]\" \/><input type=\"hidden\" name=\"_wpcf7cf_hidden_groups\" value=\"[]\" \/><input type=\"hidden\" name=\"_wpcf7cf_visible_groups\" value=\"[]\" \/><input type=\"hidden\" name=\"_wpcf7cf_repeaters\" value=\"[]\" \/><input type=\"hidden\" name=\"_wpcf7cf_steps\" value=\"{}\" \/><input type=\"hidden\" name=\"_wpcf7cf_options\" value=\"{&quot;form_id&quot;:657,&quot;conditions&quot;:[{&quot;then_field&quot;:&quot;-1&quot;,&quot;and_rules&quot;:[{&quot;if_field&quot;:&quot;select_idioma&quot;,&quot;operator&quot;:&quot;equals&quot;,&quot;if_value&quot;:&quot;English&quot;}]},{&quot;then_field&quot;:&quot;-1&quot;,&quot;and_rules&quot;:[{&quot;if_field&quot;:&quot;select_idioma&quot;,&quot;operator&quot;:&quot;equals&quot;,&quot;if_value&quot;:&quot;Fran\\u00e7ais&quot;}]},{&quot;then_field&quot;:&quot;-1&quot;,&quot;and_rules&quot;:[{&quot;if_field&quot;:&quot;select_idioma&quot;,&quot;operator&quot;:&quot;equals&quot;,&quot;if_value&quot;:&quot;Deutsch&quot;}]},{&quot;then_field&quot;:&quot;-1&quot;,&quot;and_rules&quot;:[{&quot;if_field&quot;:&quot;select_idioma&quot;,&quot;operator&quot;:&quot;equals&quot;,&quot;if_value&quot;:&quot;Portugu\\u00e9s&quot;}]},{&quot;then_field&quot;:&quot;-1&quot;,&quot;and_rules&quot;:[{&quot;if_field&quot;:&quot;select_idioma&quot;,&quot;operator&quot;:&quot;equals&quot;,&quot;if_value&quot;:&quot;Italiano&quot;}]},{&quot;then_field&quot;:&quot;-1&quot;,&quot;and_rules&quot;:[{&quot;if_field&quot;:&quot;select_idioma&quot;,&quot;operator&quot;:&quot;equals&quot;,&quot;if_value&quot;:&quot;Espa\\u00f1ol&quot;}]}],&quot;settings&quot;:{&quot;animation&quot;:&quot;yes&quot;,&quot;animation_intime&quot;:200,&quot;animation_outtime&quot;:200,&quot;conditions_ui&quot;:&quot;normal&quot;,&quot;notice_dismissed&quot;:false}}\" \/>\n<\/fieldset>\n<div class=\"bloque bloque_radios\">\n\t<p><span class=\"wpcf7-form-control-wrap\" data-name=\"select_idioma\"><span class=\"wpcf7-form-control wpcf7-checkbox wpcf7-validates-as-required wpcf7-exclusive-checkbox\"><span class=\"wpcf7-list-item first\"><label><input type=\"checkbox\" name=\"select_idioma\" value=\"Ingl\u00e9s\" \/><span class=\"wpcf7-list-item-label\">Ingl\u00e9s<\/span><\/label><\/span><span class=\"wpcf7-list-item\"><label><input type=\"checkbox\" name=\"select_idioma\" value=\"Franc\u00e9s\" \/><span class=\"wpcf7-list-item-label\">Franc\u00e9s<\/span><\/label><\/span><span class=\"wpcf7-list-item\"><label><input type=\"checkbox\" name=\"select_idioma\" value=\"Alem\u00e1n\" \/><span class=\"wpcf7-list-item-label\">Alem\u00e1n<\/span><\/label><\/span><span class=\"wpcf7-list-item\"><label><input type=\"checkbox\" name=\"select_idioma\" value=\"Portugu\u00e9s\" \/><span class=\"wpcf7-list-item-label\">Portugu\u00e9s<\/span><\/label><\/span><span class=\"wpcf7-list-item\"><label><input type=\"checkbox\" name=\"select_idioma\" value=\"Italiano\" \/><span class=\"wpcf7-list-item-label\">Italiano<\/span><\/label><\/span><span class=\"wpcf7-list-item last\"><label><input type=\"checkbox\" name=\"select_idioma\" value=\"Espa\u00f1ol\" \/><span class=\"wpcf7-list-item-label\">Espa\u00f1ol<\/span><\/label><\/span><\/span><\/span>\n\t<\/p>\n<\/div>\n<input class=\"wpcf7-form-control wpcf7-hidden email_escondido\" value=\"\" type=\"hidden\" name=\"email_admin\" \/>\n<h4>\u00bfC\u00f3mo podemos ayudarle?\n<\/h4>\n<h5>Complete por favor el formulario y le contestaremos lo antes posible.\n<\/h5>\n<div class=\"bloque bloque_radios bloque_radios_2\">\n\t<p><span class=\"wpcf7-form-control-wrap\" data-name=\"select_area\"><span class=\"wpcf7-form-control wpcf7-checkbox wpcf7-validates-as-required\"><span class=\"wpcf7-list-item first\"><label><input type=\"checkbox\" name=\"select_area[]\" value=\"VENTAS &amp; PRODUCTOS\" \/><span class=\"wpcf7-list-item-label\">VENTAS &amp; PRODUCTOS<\/span><\/label><\/span><span class=\"wpcf7-list-item\"><label><input type=\"checkbox\" name=\"select_area[]\" value=\"SEGURIDAD &amp; TEMAS T\u00c9CNICOS\" \/><span class=\"wpcf7-list-item-label\">SEGURIDAD &amp; TEMAS T\u00c9CNICOS<\/span><\/label><\/span><span class=\"wpcf7-list-item\"><label><input type=\"checkbox\" name=\"select_area[]\" value=\"SALUD, SEGURIDAD &amp; MEDIO AMBIENTE\" \/><span class=\"wpcf7-list-item-label\">SALUD, SEGURIDAD &amp; MEDIO AMBIENTE<\/span><\/label><\/span><span class=\"wpcf7-list-item last\"><label><input type=\"checkbox\" name=\"select_area[]\" value=\"OTROS\" \/><span class=\"wpcf7-list-item-label\">OTROS<\/span><\/label><\/span><\/span><\/span>\n\t<\/p>\n<\/div>\n<div class=\"bloquecito\">\n\t<p><span class=\"wpcf7-form-control-wrap\" data-name=\"nombre\"><input size=\"40\" maxlength=\"400\" class=\"wpcf7-form-control wpcf7-text wpcf7-validates-as-required\" aria-required=\"true\" aria-invalid=\"false\" placeholder=\"Nombre y apellido\" value=\"\" type=\"text\" name=\"nombre\" \/><\/span>\n\t<\/p>\n<\/div>\n<div class=\"bloquecito\">\n\t<p><span class=\"wpcf7-form-control-wrap\" data-name=\"empresa\"><input size=\"40\" maxlength=\"400\" class=\"wpcf7-form-control wpcf7-text\" aria-invalid=\"false\" placeholder=\"Nombre de Empresa\" value=\"\" type=\"text\" name=\"empresa\" \/><\/span>\n\t<\/p>\n<\/div>\n<div class=\"bloquecito\">\n\t<p><span class=\"wpcf7-form-control-wrap\" data-name=\"email\"><input size=\"40\" maxlength=\"400\" class=\"wpcf7-form-control wpcf7-email wpcf7-validates-as-required wpcf7-text wpcf7-validates-as-email\" aria-required=\"true\" aria-invalid=\"false\" placeholder=\"e-mail\" value=\"\" type=\"email\" name=\"email\" \/><\/span>\n\t<\/p>\n<\/div>\n<div class=\"bloquecito\">\n\t<p><span class=\"wpcf7-form-control-wrap\" data-name=\"asunto\"><input size=\"40\" maxlength=\"400\" class=\"wpcf7-form-control wpcf7-text\" aria-invalid=\"false\" placeholder=\"Asunto\" value=\"\" type=\"text\" name=\"asunto\" \/><\/span>\n\t<\/p>\n<\/div>\n<div class=\"bloquecito\">\n\t<p><span class=\"wpcf7-form-control-wrap\" data-name=\"telefono\"><input size=\"40\" maxlength=\"400\" class=\"wpcf7-form-control wpcf7-text\" aria-invalid=\"false\" placeholder=\"Tel\u00e9fono\" value=\"\" type=\"text\" name=\"telefono\" \/><\/span>\n\t<\/p>\n<\/div>\n<div class=\"bloquecito\">\n\t<p><span class=\"wpcf7-form-control-wrap\" data-name=\"industria\"><input size=\"40\" maxlength=\"400\" class=\"wpcf7-form-control wpcf7-text\" aria-invalid=\"false\" placeholder=\"Industria\" value=\"\" type=\"text\" name=\"industria\" \/><\/span>\n\t<\/p>\n<\/div>\n<div class=\"bloquecito\">\n\t<p><span class=\"wpcf7-form-control-wrap\" data-name=\"pais\"><input size=\"40\" maxlength=\"400\" class=\"wpcf7-form-control wpcf7-text\" aria-invalid=\"false\" placeholder=\"Pa\u00eds \/ Provincia\" value=\"\" type=\"text\" name=\"pais\" \/><\/span>\n\t<\/p>\n<\/div>\n<div class=\"bloquecito\">\n\t<p><span class=\"wpcf7-form-control-wrap\" data-name=\"mensaje\"><input size=\"40\" maxlength=\"400\" class=\"wpcf7-form-control wpcf7-text\" aria-invalid=\"false\" placeholder=\"Su solicitud\" value=\"\" type=\"text\" name=\"mensaje\" \/><\/span>\n\t<\/p>\n<\/div>\n<div class=\"bloque bloque_legales\">\n\t<p><span class=\"wpcf7-form-control-wrap\" data-name=\"comunicaciones\"><span class=\"wpcf7-form-control wpcf7-acceptance optional\"><span class=\"wpcf7-list-item\"><label><input type=\"checkbox\" name=\"comunicaciones\" value=\"1\" aria-invalid=\"false\" \/><span class=\"wpcf7-list-item-label\">Seleccionando esta opci\u00f3n, Vd. acepta recibir m\u00e1s comunicaciones de DDF.<\/span><\/label><\/span><\/span><\/span>\n\t<\/p>\n<\/div>\n<div class=\"bloque bloque_legales\">\n\t<p><span class=\"wpcf7-form-control-wrap\" data-name=\"aviso_legal\"><span class=\"wpcf7-form-control wpcf7-acceptance\"><span class=\"wpcf7-list-item\"><label><input type=\"checkbox\" name=\"aviso_legal\" value=\"1\" aria-invalid=\"false\" \/><span class=\"wpcf7-list-item-label\">Seleccionando esta opci\u00f3n, Vd. reconoce haber le\u00eddo y entendido la Pol\u00edtica de Privacidad de DDF. <a href=\"\/es\/aviso-legal\/\" target=\"_blank\">Aviso legal<\/a><\/span><\/label><\/span><\/span><\/span>\n\t<\/p>\n<\/div>\n<div class=\"bloque_enviar\">\n\t<p><input class=\"wpcf7-form-control wpcf7-submit has-spinner\" type=\"submit\" value=\"Enviar\" \/>\n\t<\/p>\n<\/div>\n<div class=\"borrar\">\n<\/div><div class=\"wpcf7-response-output\" aria-hidden=\"true\"><\/div>\n<\/form>\n<\/div>\n[\/vc_column_text][\/vc_column][\/vc_row][vc_row el_class=\u00bbbloque_aplication_job\u00bb css=\u00bb.vc_custom_1614187407789{background-image: url(https:\/\/www.ddfluor.com\/wp-content\/uploads\/2021\/02\/cabecera_trabajo.jpg?id=794) !important;background-position: center !important;background-repeat: no-repeat !important;background-size: cover !important;}\u00bb][vc_column][vc_row_inner css=\u00bb.vc_custom_1611840536851{padding-top: 40px !important;padding-bottom: 40px !important;}\u00bb][vc_column_inner width=\u00bb1\/2&#8243;][vc_column_text]<\/p>\n<h3 style=\"text-align: center;\">Solicitud de Empleo<\/h3>\n<p>[\/vc_column_text][\/vc_column_inner][vc_column_inner width=\u00bb1\/2&#8243;][vc_btn title=\u00bbAcceder\u00bb align=\u00bbcenter\u00bb link=\u00bburl:https%3A%2F%2Fwww.ddfluor.com%2Fes%2Fsolicitud-de-empleo%2F|title:Solicitud%20de%20empleo\u00bb][\/vc_column_inner][\/vc_row_inner][\/vc_column][\/vc_row][vc_row el_class=\u00bbbloque_help\u00bb][vc_column][vc_column_text]<\/p>\n<h2>Ayuda y Soporte<\/h2>\n<p>[\/vc_column_text][vc_row_inner][vc_column_inner width=\u00bb1\/3&#8243;][vc_single_image image=\u00bb458&#8243; img_size=\u00bbmedium\u00bb alignment=\u00bbcenter\u00bb el_class=\u00bbicono_contacto\u00bb][vc_column_text]<\/p>\n<h4 style=\"text-align: center;\">Ayuda y Soporte General<\/h4>\n<p style=\"text-align: center;\"><strong><a href=\"tel:+34942879900\">+34 942 87 99 00<\/a><\/strong><\/p>\n<p>[\/vc_column_text][\/vc_column_inner][vc_column_inner width=\u00bb1\/3&#8243;][vc_single_image image=\u00bb459&#8243; img_size=\u00bbmedium\u00bb alignment=\u00bbcenter\u00bb el_class=\u00bbicono_contacto\u00bb][vc_column_text]<\/p>\n<h4 style=\"text-align: center;\">Contacto Departamento de Ventas<\/h4>\n<p style=\"text-align: center;\">Internacional:<br \/>\n<strong><a href=\"tel:+34942879015\">(+34) 942 37 90 15<\/a><\/strong><br \/>\n<a href=\"mailto:ddf.export@minersa.com\">ddf.export@minersa.com<\/a><\/p>\n<p>&nbsp;<\/p>\n<p style=\"text-align: center;\">Venta local:<br \/>\n<strong><a href=\"tel:+34942879913\">(+34) 942 87 99 13<\/a><\/strong><br \/>\n<a href=\"mailto: ddf.ventas@minersa.com\"> ddf.ventas@minersa.com<\/a><\/p>\n<p>[\/vc_column_text][\/vc_column_inner][vc_column_inner width=\u00bb1\/3&#8243;][vc_single_image image=\u00bb941&#8243; img_size=\u00bbmedium\u00bb alignment=\u00bbcenter\u00bb el_class=\u00bbicono_contacto\u00bb][vc_column_text]<\/p>\n<h4 style=\"text-align: center;\">Direcci\u00f3n Corporativa de DERIVADOS DEL FLUOR, S.A.U.<\/h4>\n<p style=\"text-align: center;\"><strong>Direcci\u00f3n Planta<\/strong><br \/>\nCrta. Nacional 634, Ir\u00fan-La Coru\u00f1a, km. 139 39706 Ont\u00f3n (Cantabria) Espa\u00f1a<\/p>\n<p>&nbsp;<\/p>\n<p style=\"text-align: center;\"><strong>Domicilio social<\/strong><br \/>\nAvda. Algorta n\u00ba16. 48992 Getxo (Vizcaya), Espa\u00f1a<\/p>\n<p>[\/vc_column_text][\/vc_column_inner][\/vc_row_inner][\/vc_column][\/vc_row][vc_row css=\u00bb.vc_custom_1603719298806{padding-top: 50px !important;padding-bottom: 50px !important;}\u00bb][vc_column width=\u00bb1\/2&#8243; el_class=\u00bbbloque_soporte\u00bb css=\u00bb.vc_custom_1603716559155{margin-right: 10px !important;margin-left: 10px !important;}\u00bb][vc_single_image image=\u00bb460&#8243; img_size=\u00bbmedium\u00bb][vc_column_text]Latitud 43\u00b0 21\u00b423.78\u00b4\u00b4 N \u2022 longitud 3\u00b0 10\u00b422.81\u00b4\u00b4 W[\/vc_column_text][\/vc_column][vc_column width=\u00bb1\/2&#8243; el_class=\u00bbbloque_soporte\u00bb css=\u00bb.vc_custom_1603716578439{margin-right: 10px !important;margin-left: 10px !important;}\u00bb][vc_single_image image=\u00bb461&#8243; img_size=\u00bbmedium\u00bb][vc_column_text]<strong style=\"color: #000000 !important;\">Conecta con nosotros en<\/strong> <strong><a href=\"https:\/\/es.linkedin.com\/company\/derivados-del-fluor-sau\" target=\"_blank\" rel=\"noopener\">\/derivados-del-fluor-sau<\/a><\/strong>[\/vc_column_text][\/vc_column][\/vc_row][vc_row full_width=\u00bbstretch_row_content_no_spaces\u00bb][vc_column css=\u00bb.vc_custom_1603719954242{margin-bottom: 0px !important;}\u00bb][vc_column_text css=\u00bb.vc_custom_1612787285155{margin-bottom: 0px !important;border-bottom-width: 0px !important;padding-bottom: 0px !important;}\u00bb]<iframe loading=\"lazy\" style=\"border: 0;\" tabindex=\"0\" src=\"https:\/\/www.google.com\/maps\/embed?pb=!1m14!1m8!1m3!1d11603.82762564484!2d-3.172315!3d43.357012!3m2!1i1024!2i768!4f13.1!3m3!1m2!1s0x0%3A0xd69f5221352b843d!2sDerivados%20del%20Fluor!5e0!3m2!1ses!2ses!4v1612787141791!5m2!1ses!2ses\" width=\"100%\" height=\"450\" frameborder=\"0\" allowfullscreen=\"allowfullscreen\" aria-hidden=\"false\" data-mce-fragment=\"1\"><\/iframe>[\/vc_column_text][\/vc_column][\/vc_row]<\/p>\n<\/div>","protected":false},"excerpt":{"rendered":"<p>[vc_row full_width=\u00bbstretch_row\u00bb css=\u00bb.vc_custom_1613737397109{background-image: url(https:\/\/www.ddfluor.com\/wp-content\/uploads\/2021\/02\/cabecera_contacto.jpg?id=712) !important;background-position: center !important;background-repeat: no-repeat !important;background-size: cover !important;}\u00bb el_class=\u00bbtitular\u00bb][vc_column][vc_column_text css=\u00bb.vc_custom_1621871795609{margin-bottom: 0px !important;padding-bottom: 20px !important;}\u00bb]Contacto[\/vc_column_text][vc_column_text el_class=\u00bbbreadcrumb\u00bb][\/vc_column_text][\/vc_column][\/vc_row][vc_row el_class=\u00bbformulario_en_contacto\u00bb][vc_column][vc_column_text] Estamos a su disposici\u00f3n para atenderle Seleccione por favor su preferencia de idioma y rellene el formulario. Nos pondremos en contacto con Vd. lo antes posible:[\/vc_column_text][vc_column_text][\/vc_column_text][\/vc_column][\/vc_row][vc_row el_class=\u00bbbloque_aplication_job\u00bb css=\u00bb.vc_custom_1614187407789{background-image: url(https:\/\/www.ddfluor.com\/wp-content\/uploads\/2021\/02\/cabecera_trabajo.jpg?id=794) !important;background-position: center !important;background-repeat: no-repeat !important;background-size: cover !important;}\u00bb][vc_column][vc_row_inner [&hellip;]<\/p>\n","protected":false},"author":1,"featured_media":0,"parent":0,"menu_order":0,"comment_status":"closed","ping_status":"closed","template":"","meta":{"_acf_changed":false,"footnotes":""},"class_list":["post-610","page","type-page","status-publish","hentry"],"acf":[],"yoast_head":"<!-- This site is optimized with the Yoast SEO plugin v25.4 - https:\/\/yoast.com\/wordpress\/plugins\/seo\/ -->\n<title>Contacto - DDF<\/title>\n<meta name=\"robots\" content=\"index, follow, max-snippet:-1, max-image-preview:large, max-video-preview:-1\" \/>\n<link rel=\"canonical\" href=\"https:\/\/www.ddfluor.com\/es\/contacto\/\" \/>\n<meta property=\"og:locale\" content=\"es_ES\" \/>\n<meta property=\"og:type\" content=\"article\" \/>\n<meta property=\"og:title\" content=\"Contacto - DDF\" \/>\n<meta property=\"og:description\" content=\"[vc_row full_width=\u00bbstretch_row\u00bb css=\u00bb.vc_custom_1613737397109{background-image: url(https:\/\/www.ddfluor.com\/wp-content\/uploads\/2021\/02\/cabecera_contacto.jpg?id=712) !important;background-position: center !important;background-repeat: no-repeat !important;background-size: cover !important;}\u00bb el_class=\u00bbtitular\u00bb][vc_column][vc_column_text css=\u00bb.vc_custom_1621871795609{margin-bottom: 0px !important;padding-bottom: 20px !important;}\u00bb]Contacto[\/vc_column_text][vc_column_text el_class=\u00bbbreadcrumb\u00bb][\/vc_column_text][\/vc_column][\/vc_row][vc_row el_class=\u00bbformulario_en_contacto\u00bb][vc_column][vc_column_text] Estamos a su disposici\u00f3n para atenderle Seleccione por favor su preferencia de idioma y rellene el formulario. Nos pondremos en contacto con Vd. lo antes posible:[\/vc_column_text][vc_column_text][\/vc_column_text][\/vc_column][\/vc_row][vc_row el_class=\u00bbbloque_aplication_job\u00bb css=\u00bb.vc_custom_1614187407789{background-image: url(https:\/\/www.ddfluor.com\/wp-content\/uploads\/2021\/02\/cabecera_trabajo.jpg?id=794) !important;background-position: center !important;background-repeat: no-repeat !important;background-size: cover !important;}\u00bb][vc_column][vc_row_inner [&hellip;]\" \/>\n<meta property=\"og:url\" content=\"https:\/\/www.ddfluor.com\/es\/contacto\/\" \/>\n<meta property=\"og:site_name\" content=\"DDF\" \/>\n<meta property=\"article:modified_time\" content=\"2025-04-14T18:12:55+00:00\" \/>\n<meta name=\"twitter:card\" content=\"summary_large_image\" \/>\n<meta name=\"twitter:label1\" content=\"Tiempo de lectura\" \/>\n\t<meta name=\"twitter:data1\" content=\"1 minuto\" \/>\n<script type=\"application\/ld+json\" class=\"yoast-schema-graph\">{\"@context\":\"https:\/\/schema.org\",\"@graph\":[{\"@type\":\"WebPage\",\"@id\":\"https:\/\/www.ddfluor.com\/es\/contacto\/\",\"url\":\"https:\/\/www.ddfluor.com\/es\/contacto\/\",\"name\":\"Contacto - DDF\",\"isPartOf\":{\"@id\":\"https:\/\/www.ddfluor.com\/es\/#website\"},\"datePublished\":\"2021-02-16T13:01:49+00:00\",\"dateModified\":\"2025-04-14T18:12:55+00:00\",\"breadcrumb\":{\"@id\":\"https:\/\/www.ddfluor.com\/es\/contacto\/#breadcrumb\"},\"inLanguage\":\"es\",\"potentialAction\":[{\"@type\":\"ReadAction\",\"target\":[\"https:\/\/www.ddfluor.com\/es\/contacto\/\"]}]},{\"@type\":\"BreadcrumbList\",\"@id\":\"https:\/\/www.ddfluor.com\/es\/contacto\/#breadcrumb\",\"itemListElement\":[{\"@type\":\"ListItem\",\"position\":1,\"name\":\"Home\",\"item\":\"https:\/\/www.ddfluor.com\/es\/\"},{\"@type\":\"ListItem\",\"position\":2,\"name\":\"Contacto\"}]},{\"@type\":\"WebSite\",\"@id\":\"https:\/\/www.ddfluor.com\/es\/#website\",\"url\":\"https:\/\/www.ddfluor.com\/es\/\",\"name\":\"DDF\",\"description\":\"Otro sitio realizado con WordPress\",\"potentialAction\":[{\"@type\":\"SearchAction\",\"target\":{\"@type\":\"EntryPoint\",\"urlTemplate\":\"https:\/\/www.ddfluor.com\/es\/?s={search_term_string}\"},\"query-input\":{\"@type\":\"PropertyValueSpecification\",\"valueRequired\":true,\"valueName\":\"search_term_string\"}}],\"inLanguage\":\"es\"}]}<\/script>\n<!-- \/ Yoast SEO plugin. -->","yoast_head_json":{"title":"Contacto - DDF","robots":{"index":"index","follow":"follow","max-snippet":"max-snippet:-1","max-image-preview":"max-image-preview:large","max-video-preview":"max-video-preview:-1"},"canonical":"https:\/\/www.ddfluor.com\/es\/contacto\/","og_locale":"es_ES","og_type":"article","og_title":"Contacto - DDF","og_description":"[vc_row full_width=\u00bbstretch_row\u00bb css=\u00bb.vc_custom_1613737397109{background-image: url(https:\/\/www.ddfluor.com\/wp-content\/uploads\/2021\/02\/cabecera_contacto.jpg?id=712) !important;background-position: center !important;background-repeat: no-repeat !important;background-size: cover !important;}\u00bb el_class=\u00bbtitular\u00bb][vc_column][vc_column_text css=\u00bb.vc_custom_1621871795609{margin-bottom: 0px !important;padding-bottom: 20px !important;}\u00bb]Contacto[\/vc_column_text][vc_column_text el_class=\u00bbbreadcrumb\u00bb][\/vc_column_text][\/vc_column][\/vc_row][vc_row el_class=\u00bbformulario_en_contacto\u00bb][vc_column][vc_column_text] Estamos a su disposici\u00f3n para atenderle Seleccione por favor su preferencia de idioma y rellene el formulario. Nos pondremos en contacto con Vd. lo antes posible:[\/vc_column_text][vc_column_text][\/vc_column_text][\/vc_column][\/vc_row][vc_row el_class=\u00bbbloque_aplication_job\u00bb css=\u00bb.vc_custom_1614187407789{background-image: url(https:\/\/www.ddfluor.com\/wp-content\/uploads\/2021\/02\/cabecera_trabajo.jpg?id=794) !important;background-position: center !important;background-repeat: no-repeat !important;background-size: cover !important;}\u00bb][vc_column][vc_row_inner [&hellip;]","og_url":"https:\/\/www.ddfluor.com\/es\/contacto\/","og_site_name":"DDF","article_modified_time":"2025-04-14T18:12:55+00:00","twitter_card":"summary_large_image","twitter_misc":{"Tiempo de lectura":"1 minuto"},"schema":{"@context":"https:\/\/schema.org","@graph":[{"@type":"WebPage","@id":"https:\/\/www.ddfluor.com\/es\/contacto\/","url":"https:\/\/www.ddfluor.com\/es\/contacto\/","name":"Contacto - DDF","isPartOf":{"@id":"https:\/\/www.ddfluor.com\/es\/#website"},"datePublished":"2021-02-16T13:01:49+00:00","dateModified":"2025-04-14T18:12:55+00:00","breadcrumb":{"@id":"https:\/\/www.ddfluor.com\/es\/contacto\/#breadcrumb"},"inLanguage":"es","potentialAction":[{"@type":"ReadAction","target":["https:\/\/www.ddfluor.com\/es\/contacto\/"]}]},{"@type":"BreadcrumbList","@id":"https:\/\/www.ddfluor.com\/es\/contacto\/#breadcrumb","itemListElement":[{"@type":"ListItem","position":1,"name":"Home","item":"https:\/\/www.ddfluor.com\/es\/"},{"@type":"ListItem","position":2,"name":"Contacto"}]},{"@type":"WebSite","@id":"https:\/\/www.ddfluor.com\/es\/#website","url":"https:\/\/www.ddfluor.com\/es\/","name":"DDF","description":"Otro sitio realizado con WordPress","potentialAction":[{"@type":"SearchAction","target":{"@type":"EntryPoint","urlTemplate":"https:\/\/www.ddfluor.com\/es\/?s={search_term_string}"},"query-input":{"@type":"PropertyValueSpecification","valueRequired":true,"valueName":"search_term_string"}}],"inLanguage":"es"}]}},"_links":{"self":[{"href":"https:\/\/www.ddfluor.com\/es\/wp-json\/wp\/v2\/pages\/610","targetHints":{"allow":["GET"]}}],"collection":[{"href":"https:\/\/www.ddfluor.com\/es\/wp-json\/wp\/v2\/pages"}],"about":[{"href":"https:\/\/www.ddfluor.com\/es\/wp-json\/wp\/v2\/types\/page"}],"author":[{"embeddable":true,"href":"https:\/\/www.ddfluor.com\/es\/wp-json\/wp\/v2\/users\/1"}],"replies":[{"embeddable":true,"href":"https:\/\/www.ddfluor.com\/es\/wp-json\/wp\/v2\/comments?post=610"}],"version-history":[{"count":18,"href":"https:\/\/www.ddfluor.com\/es\/wp-json\/wp\/v2\/pages\/610\/revisions"}],"predecessor-version":[{"id":1523,"href":"https:\/\/www.ddfluor.com\/es\/wp-json\/wp\/v2\/pages\/610\/revisions\/1523"}],"wp:attachment":[{"href":"https:\/\/www.ddfluor.com\/es\/wp-json\/wp\/v2\/media?parent=610"}],"curies":[{"name":"wp","href":"https:\/\/api.w.org\/{rel}","templated":true}]}}